{"id":189,"date":"2020-10-29T11:11:40","date_gmt":"2020-10-29T10:11:40","guid":{"rendered":"https:\/\/spotnat.nursing.unibas.ch\/?page_id=189"},"modified":"2023-04-27T13:33:38","modified_gmt":"2023-04-27T12:33:38","slug":"spotnat-bonjour","status":"publish","type":"page","link":"https:\/\/spotnat.nursing.unibas.ch\/fr\/","title":{"rendered":"Bienvenue sur SPOT<sup>nat<\/sup>"},"content":{"rendered":"\n<p><strong><strong>SPOT<sup>nat&nbsp; <\/sup><\/strong><\/strong>est l\u2019acronyme du projet en allemand<strong><strong> <\/strong><\/strong>\u00ab<strong><strong> <strong>Sp<\/strong><\/strong><\/strong>itex K<strong><strong>o<\/strong><\/strong>ordination und Qualit\u00e4<strong><strong><strong>t &#8211;<\/strong> <\/strong><\/strong>eine<strong><strong> <strong>nat<\/strong><\/strong><\/strong>ionale Studie<strong><strong> <\/strong><\/strong>\u00bb<\/p>\n\n\n\n<p><strong>Coordination et qualit\u00e9 de l&rsquo;aide et des soins \u00e0 domicile &#8211; une \u00e9tude nationale<\/strong><\/p>\n\n\n\n<p class=\"is-style-info has-base-background-color has-background\"><strong>Le rapport national<\/strong> SPOT<sup>nat<\/sup> est publi\u00e9: vous pouvez le consulter <a href=\"https:\/\/spotnat.nursing.unibas.ch\/\/wp-content\/uploads\/SPOTnat-rapport-national.pdf\" target=\"_blank\" rel=\"noreferrer noopener\"><strong>ici<\/strong><\/a>.<\/p>\n\n\n\n<p><strong>Dur\u00e9e totale du projet : 2019 &#8211; 2023<\/strong><\/p>\n\n\n\n<div class=\"wp-block-columns is-layout-flex wp-container-core-columns-is-layout-9d6595d7 wp-block-columns-is-layout-flex\">\n<div class=\"wp-block-column is-layout-flow wp-block-column-is-layout-flow\">\n<figure class=\"wp-block-image size-large\"><img loading=\"lazy\" decoding=\"async\" width=\"930\" height=\"620\" src=\"https:\/\/spotnat.nursing.unibas.ch\/wp-content\/uploads\/2020\/10\/spotnat-dummy-02.png\" alt=\"\" class=\"wp-image-66\" srcset=\"https:\/\/spotnat.nursing.unibas.ch\/wp-content\/uploads\/2020\/10\/spotnat-dummy-02.png 930w, https:\/\/spotnat.nursing.unibas.ch\/wp-content\/uploads\/2020\/10\/spotnat-dummy-02-300x200.png 300w, https:\/\/spotnat.nursing.unibas.ch\/wp-content\/uploads\/2020\/10\/spotnat-dummy-02-768x512.png 768w\" sizes=\"auto, (max-width: 930px) 100vw, 930px\" \/><\/figure>\n<\/div>\n\n\n\n<div class=\"wp-block-column is-layout-flow wp-block-column-is-layout-flow\">\n<figure class=\"wp-block-image size-large\"><img loading=\"lazy\" decoding=\"async\" width=\"930\" height=\"620\" src=\"https:\/\/spotnat.nursing.unibas.ch\/wp-content\/uploads\/2020\/10\/spotnat-dummy-03.png\" alt=\"\" class=\"wp-image-63\" srcset=\"https:\/\/spotnat.nursing.unibas.ch\/wp-content\/uploads\/2020\/10\/spotnat-dummy-03.png 930w, https:\/\/spotnat.nursing.unibas.ch\/wp-content\/uploads\/2020\/10\/spotnat-dummy-03-300x200.png 300w, https:\/\/spotnat.nursing.unibas.ch\/wp-content\/uploads\/2020\/10\/spotnat-dummy-03-768x512.png 768w\" sizes=\"auto, (max-width: 930px) 100vw, 930px\" \/><\/figure>\n<\/div>\n\n\n\n<div class=\"wp-block-column is-layout-flow wp-block-column-is-layout-flow\">\n<figure class=\"wp-block-image size-large is-style-default\"><img loading=\"lazy\" decoding=\"async\" width=\"930\" height=\"620\" src=\"https:\/\/spotnat.nursing.unibas.ch\/wp-content\/uploads\/2020\/10\/spotnat-dummy-01.png\" alt=\"\" class=\"wp-image-60\" srcset=\"https:\/\/spotnat.nursing.unibas.ch\/wp-content\/uploads\/2020\/10\/spotnat-dummy-01.png 930w, https:\/\/spotnat.nursing.unibas.ch\/wp-content\/uploads\/2020\/10\/spotnat-dummy-01-300x200.png 300w, https:\/\/spotnat.nursing.unibas.ch\/wp-content\/uploads\/2020\/10\/spotnat-dummy-01-768x512.png 768w\" sizes=\"auto, (max-width: 930px) 100vw, 930px\" \/><\/figure>\n<\/div>\n<\/div>\n\n\n\n<div class=\"wp-block-columns is-layout-flex wp-container-core-columns-is-layout-9d6595d7 wp-block-columns-is-layout-flex\">\n<div class=\"wp-block-column is-layout-flow wp-block-column-is-layout-flow\">\n<h2 class=\"wp-block-heading has-text-align-left\">Contexte<\/h2>\n\n\n\n<p>En Suisse, le domaine de l&rsquo;aide et les soins \u00e0 domicile (ASaD) est confront\u00e9\u0301 \u00e0 des exigences croissantes. Les personnes \u00e2g\u00e9es et les personnes souffrant de maladies chroniques veulent rester le plus longtemps possible dans leurs propres murs, m\u00eame dans des situations de soins complexes. <br>\u00bb <strong><a href=\"https:\/\/spotnat.nursing.unibas.ch\/ueber-spotnat\/\" data-type=\"page\" data-id=\"17\">En savoir plus<\/a><\/strong><\/p>\n<\/div>\n\n\n\n<div class=\"wp-block-column is-layout-flow wp-block-column-is-layout-flow\">\n<h2 class=\"wp-block-heading has-text-align-left\">Le mod\u00e8le SPOT<sup>nat<\/sup> <\/h2>\n\n\n\n<p>Afin d&rsquo;\u00e9tudier les facteurs qui influencent la coordination et la qualit\u00e9 des soins dans la zone du Spitex, un mod\u00e8le a \u00e9t\u00e9 cr\u00e9\u00e9 avec diff\u00e9rents niveaux.<br>\u00bb <strong><a href=\"https:\/\/spotnat.nursing.unibas.ch\/fr\/le-spotnat-modele\/\" data-type=\"URL\" data-id=\"https:\/\/spotnat.nursing.unibas.ch\/fr\/le-spotnat-modele\/\" target=\"_blank\" rel=\"noreferrer noopener\">En savoir plus<\/a><\/strong><\/p>\n<\/div>\n\n\n\n<div class=\"wp-block-column is-layout-flow wp-block-column-is-layout-flow\">\n<h2 class=\"wp-block-heading has-text-align-left\">Plan du projet<\/h2>\n\n\n\n<p>Nous r\u00e9aliserons une \u00e9tude nationale transversale centr\u00e9 sur le domaine de l\u2019ASaD en Suisse.<br>Nous mobiliserons les participants selon une proc\u00e9dure en trois \u00e9tapes.<br>\u00bb <strong><a rel=\"noreferrer noopener\" href=\"https:\/\/spotnat.nursing.unibas.ch\/projektplan\/\" target=\"_blank\">En savoir plus<\/a><\/strong><\/p>\n<\/div>\n<\/div>\n\n\n\n<p><\/p>\n","protected":false},"excerpt":{"rendered":"<p>SPOTnat&nbsp; est l\u2019acronyme du projet en allemand \u00ab Spitex Koordination und Qualit\u00e4t &#8211; eine nationale Studie \u00bb Coordination et qualit\u00e9 de l&rsquo;aide et des soins \u00e0 domicile &#8211; une \u00e9tude nationale Le rapport national SPOTnat est publi\u00e9: vous pouvez le consulter ici. Dur\u00e9e totale du projet : 2019 &#8211; 2023 Contexte En Suisse, le domaine &#8230; <a title=\"Bienvenue sur SPOTnat\" class=\"read-more\" href=\"https:\/\/spotnat.nursing.unibas.ch\/fr\/\" aria-label=\"En savoir plus sur Bienvenue sur SPOTnat\">Lire plus<\/a><\/p>\n","protected":false},"author":2,"featured_media":0,"parent":0,"menu_order":0,"comment_status":"closed","ping_status":"closed","template":"","meta":{"_coblocks_attr":"","_coblocks_dimensions":"","_coblocks_responsive_height":"","_coblocks_accordion_ie_support":"","footnotes":""},"class_list":["post-189","page","type-page","status-publish"],"_links":{"self":[{"href":"https:\/\/spotnat.nursing.unibas.ch\/fr\/wp-json\/wp\/v2\/pages\/189","targetHints":{"allow":["GET"]}}],"collection":[{"href":"https:\/\/spotnat.nursing.unibas.ch\/fr\/wp-json\/wp\/v2\/pages"}],"about":[{"href":"https:\/\/spotnat.nursing.unibas.ch\/fr\/wp-json\/wp\/v2\/types\/page"}],"author":[{"embeddable":true,"href":"https:\/\/spotnat.nursing.unibas.ch\/fr\/wp-json\/wp\/v2\/users\/2"}],"replies":[{"embeddable":true,"href":"https:\/\/spotnat.nursing.unibas.ch\/fr\/wp-json\/wp\/v2\/comments?post=189"}],"version-history":[{"count":18,"href":"https:\/\/spotnat.nursing.unibas.ch\/fr\/wp-json\/wp\/v2\/pages\/189\/revisions"}],"predecessor-version":[{"id":1014,"href":"https:\/\/spotnat.nursing.unibas.ch\/fr\/wp-json\/wp\/v2\/pages\/189\/revisions\/1014"}],"wp:attachment":[{"href":"https:\/\/spotnat.nursing.unibas.ch\/fr\/wp-json\/wp\/v2\/media?parent=189"}],"curies":[{"name":"wp","href":"https:\/\/api.w.org\/{rel}","templated":true}]}}