{"id":347,"date":"2020-12-03T12:07:22","date_gmt":"2020-12-03T11:07:22","guid":{"rendered":"https:\/\/spotnat.nursing.unibas.ch\/?page_id=347"},"modified":"2024-02-29T09:33:20","modified_gmt":"2024-02-29T08:33:20","slug":"lequipe-de-recherche","status":"publish","type":"page","link":"https:\/\/spotnat.nursing.unibas.ch\/fr\/lequipe-de-recherche\/","title":{"rendered":"L&rsquo;\u00e9quipe de recherche"},"content":{"rendered":"\n<div class=\"wp-block-columns is-layout-flex wp-container-core-columns-is-layout-9d6595d7 wp-block-columns-is-layout-flex\">\n<div class=\"wp-block-column is-vertically-aligned-bottom is-layout-flow wp-block-column-is-layout-flow\">\n<div class=\"wp-block-columns is-layout-flex wp-container-core-columns-is-layout-9d6595d7 wp-block-columns-is-layout-flex\">\n<div class=\"wp-block-column is-layout-flow wp-block-column-is-layout-flow\">\n<h3><strong>Direction <br \/><\/strong><strong>de l&rsquo;\u00e9tude<\/strong><\/h3>\n<p><!--more--><\/p>\n\n\n\n<figure class=\"wp-block-image size-medium\"><img loading=\"lazy\" decoding=\"async\" width=\"300\" height=\"300\" src=\"https:\/\/spotnat.nursing.unibas.ch\/wp-content\/uploads\/2020\/11\/Zuniga_sw-edited-300x300.jpg\" alt=\"\" class=\"wp-image-414\" srcset=\"https:\/\/spotnat.nursing.unibas.ch\/wp-content\/uploads\/2020\/11\/Zuniga_sw-edited-300x300.jpg 300w, https:\/\/spotnat.nursing.unibas.ch\/wp-content\/uploads\/2020\/11\/Zuniga_sw-edited-150x150.jpg 150w, https:\/\/spotnat.nursing.unibas.ch\/wp-content\/uploads\/2020\/11\/Zuniga_sw-edited-768x769.jpg 768w, https:\/\/spotnat.nursing.unibas.ch\/wp-content\/uploads\/2020\/11\/Zuniga_sw-edited.jpg 884w\" sizes=\"auto, (max-width: 300px) 100vw, 300px\" \/><\/figure>\n\n\n\n<h6><span style=\"color: #993300;\"><strong>Dr. Franziska Z\u00fa\u00f1iga <\/strong><\/span><\/h6>\n<p>L\u2019Institut de recherche en sciences infirmi\u00e8res, <br \/>Universit\u00e9 de B\u00e2le, Suisse<\/p>\n<\/div>\n\n\n\n<div class=\"wp-block-column is-layout-flow wp-block-column-is-layout-flow\"><\/div>\n<\/div>\n<\/div>\n\n\n\n<div class=\"wp-block-column is-layout-flow wp-block-column-is-layout-flow\">\n<div class=\"wp-block-columns is-layout-flex wp-container-core-columns-is-layout-9d6595d7 wp-block-columns-is-layout-flex\">\n<div class=\"wp-block-column is-layout-flow wp-block-column-is-layout-flow\">\n<h3><strong>Responsable du projet<\/strong><\/h3>\n\n\n\n<figure class=\"wp-block-image size-medium\"><img loading=\"lazy\" decoding=\"async\" width=\"300\" height=\"300\" src=\"https:\/\/spotnat.nursing.unibas.ch\/wp-content\/uploads\/2020\/11\/Nathalie-1-edited-1-300x300.jpg\" alt=\"\" class=\"wp-image-422\" srcset=\"https:\/\/spotnat.nursing.unibas.ch\/wp-content\/uploads\/2020\/11\/Nathalie-1-edited-1-300x300.jpg 300w, https:\/\/spotnat.nursing.unibas.ch\/wp-content\/uploads\/2020\/11\/Nathalie-1-edited-1-150x150.jpg 150w, https:\/\/spotnat.nursing.unibas.ch\/wp-content\/uploads\/2020\/11\/Nathalie-1-edited-1.jpg 600w\" sizes=\"auto, (max-width: 300px) 100vw, 300px\" \/><\/figure>\n\n\n\n<h6><a href=\"https:\/\/nursing.unibas.ch\/de\/personen\/nathalie-moeckli\/\"><strong data-rich-text-format-boundary=\"true\">Nathalie M\u00f6ckli<\/strong><\/a><\/h6>\n<p>L\u2019Institut de recherche en sciences infirmi\u00e8res, <br \/>Universit\u00e9 de B\u00e2le, Suisse<\/p>\n<\/div>\n\n\n\n<div class=\"wp-block-column is-layout-flow wp-block-column-is-layout-flow\"><\/div>\n<\/div>\n<\/div>\n<\/div>\n\n\n<h3><strong>Le groupe de recherche<\/strong><\/h3>\n<p><a href=\"https:\/\/nursing.unibas.ch\/de\/personen\/michael-simon\/\"><strong><span data-rich-text-format-boundary=\"true\"><span style=\"color: #993300;\">Prof. Dr. Michael Simon<\/span><\/span><\/strong><\/a> &#8211; L\u2019Institut de recherche en sciences infirmi\u00e8res, Universit\u00e9 de B\u00e2le, Suisse<br \/><span style=\"color: #993300;\"><a style=\"color: #993300;\" href=\"https:\/\/pharma.unibas.ch\/de\/personen\/carla-meyer-massetti-1529\/\"><strong>Dr. Carla Meyer-Massetti<\/strong><\/a><\/span> &#8211; Institut des sciences pharmaceutiques, Universit\u00e9 de B\u00e2le<br data-rich-text-line-break=\"true\" \/><a href=\"https:\/\/www.hslu.ch\/de-ch\/hochschule-luzern\/ueber-uns\/personensuche\/profile\/?pid=1571\"><strong><span style=\"color: #993300;\">Dr. Matthias W\u00e4chter<\/span><\/strong><\/a> \u2013 Institut of Business and Regional Economics IBR, Universit\u00e9 des sciences appliqu\u00e9es et des arts de Lucerne<br data-rich-text-line-break=\"true\" \/><a href=\"https:\/\/hausarzt.medizin.unibas.ch\/de\/ueber-uns\/das-team\/\"><strong><span style=\"color: #993300;\">Dr. med. Roland Fischer<\/span><\/strong><\/a> &#8211; Centre universitaire de m\u00e9decine g\u00e9n\u00e9rale des deux B\u00e2le<br \/><strong><a href=\"https:\/\/www.heds-fr.ch\/fr\/recherche\/%C3%A9quipe-de-recherche\/pihet-sandrine\"><span style=\"color: #993300;\">Dr. Sandrine Pihet<\/span><\/a><\/strong> &#8211; Haute \u00e9cole de sant\u00e9 Fribourg (HEdS)<br data-rich-text-line-break=\"true\" \/><strong><a href=\"http:\/\/www.serdaly-ankers.ch\/fr\/portraits-contacts-christine-serdaly-morgan#.X5FbbdAzabg\"><span style=\"color: #993300;\">Christine Serdaly<\/span><\/a><\/strong> &#8211; Serdaly &amp; Ankers snc<\/p>\n\n\n<h3 class=\"wp-block-heading\"><strong>\u00c9quipe d&rsquo;\u00e9tude<\/strong><\/h3>\n\n\n\n<div class=\"wp-block-columns is-layout-flex wp-container-core-columns-is-layout-9d6595d7 wp-block-columns-is-layout-flex\">\n<div class=\"wp-block-column is-layout-flow wp-block-column-is-layout-flow\">\n<div class=\"wp-block-columns is-layout-flex wp-container-core-columns-is-layout-9d6595d7 wp-block-columns-is-layout-flex\">\n<div class=\"wp-block-column is-layout-flow wp-block-column-is-layout-flow\">\n<figure class=\"wp-block-image size-large is-resized\"><img loading=\"lazy\" decoding=\"async\" width=\"214\" height=\"214\" src=\"https:\/\/spotnat.nursing.unibas.ch\/wp-content\/uploads\/2020\/11\/Tania_sw-edited.jpg\" alt=\"\" class=\"wp-image-393\" style=\"width:215px;height:215px\" srcset=\"https:\/\/spotnat.nursing.unibas.ch\/wp-content\/uploads\/2020\/11\/Tania_sw-edited.jpg 214w, https:\/\/spotnat.nursing.unibas.ch\/wp-content\/uploads\/2020\/11\/Tania_sw-edited-150x150.jpg 150w\" sizes=\"auto, (max-width: 214px) 100vw, 214px\" \/><\/figure>\n\n\n\n<p><strong><span style=\"color:#993300\" class=\"has-inline-color\">Tania Martins<\/span><br><\/strong>Coordinatrice Suisse allemande et Tessin<\/p>\n<\/div>\n\n\n\n<div class=\"wp-block-column is-layout-flow wp-block-column-is-layout-flow\">\n<figure class=\"wp-block-image size-large is-resized\"><img loading=\"lazy\" decoding=\"async\" width=\"215\" height=\"215\" src=\"https:\/\/spotnat.nursing.unibas.ch\/wp-content\/uploads\/2020\/11\/Noemie_sw-edited.png\" alt=\"\" class=\"wp-image-399\" style=\"width:215px;height:215px\" srcset=\"https:\/\/spotnat.nursing.unibas.ch\/wp-content\/uploads\/2020\/11\/Noemie_sw-edited.png 215w, https:\/\/spotnat.nursing.unibas.ch\/wp-content\/uploads\/2020\/11\/Noemie_sw-edited-150x150.png 150w\" sizes=\"auto, (max-width: 215px) 100vw, 215px\" \/><\/figure>\n\n\n\n<p><strong><span style=\"color:#993300\" class=\"has-inline-color\">No\u00e9mie Pasquier<\/span><br><\/strong>Coordinatrice Suisse romande<\/p>\n<\/div>\n<\/div>\n<\/div>\n\n\n\n<div class=\"wp-block-column is-layout-flow wp-block-column-is-layout-flow\">\n<div class=\"wp-block-columns is-layout-flex wp-container-core-columns-is-layout-9d6595d7 wp-block-columns-is-layout-flex\">\n<div class=\"wp-block-column is-layout-flow wp-block-column-is-layout-flow\">\n<figure class=\"wp-block-image size-large is-resized\"><img loading=\"lazy\" decoding=\"async\" width=\"200\" height=\"200\" src=\"https:\/\/spotnat.nursing.unibas.ch\/wp-content\/uploads\/2020\/11\/Esther_sw.jpg\" alt=\"\" class=\"wp-image-402\" style=\"width:215px;height:215px\" srcset=\"https:\/\/spotnat.nursing.unibas.ch\/wp-content\/uploads\/2020\/11\/Esther_sw.jpg 200w, https:\/\/spotnat.nursing.unibas.ch\/wp-content\/uploads\/2020\/11\/Esther_sw-150x150.jpg 150w\" sizes=\"auto, (max-width: 200px) 100vw, 200px\" \/><\/figure>\n\n\n\n<p><strong><span style=\"color:#993300\" class=\"has-inline-color\">Esther Locatelli<\/span><\/strong><br>Coordinatrice Tessin<\/p>\n<\/div>\n\n\n\n<div class=\"wp-block-column is-layout-flow wp-block-column-is-layout-flow\">\n<figure class=\"wp-block-image size-medium is-resized\"><img loading=\"lazy\" decoding=\"async\" src=\"https:\/\/spotnat.nursing.unibas.ch\/wp-content\/uploads\/2020\/11\/Tina_Foto_sw-edited-1-300x300.jpg\" alt=\"\" class=\"wp-image-405\" width=\"215\" height=\"215\" srcset=\"https:\/\/spotnat.nursing.unibas.ch\/wp-content\/uploads\/2020\/11\/Tina_Foto_sw-edited-1-300x300.jpg 300w, https:\/\/spotnat.nursing.unibas.ch\/wp-content\/uploads\/2020\/11\/Tina_Foto_sw-edited-1-1024x1024.jpg 1024w, https:\/\/spotnat.nursing.unibas.ch\/wp-content\/uploads\/2020\/11\/Tina_Foto_sw-edited-1-150x150.jpg 150w, https:\/\/spotnat.nursing.unibas.ch\/wp-content\/uploads\/2020\/11\/Tina_Foto_sw-edited-1-768x768.jpg 768w, https:\/\/spotnat.nursing.unibas.ch\/wp-content\/uploads\/2020\/11\/Tina_Foto_sw-edited-1-1536x1536.jpg 1536w, https:\/\/spotnat.nursing.unibas.ch\/wp-content\/uploads\/2020\/11\/Tina_Foto_sw-edited-1.jpg 2000w\" sizes=\"auto, (max-width: 215px) 100vw, 215px\" \/><\/figure>\n\n\n\n<p><strong><span style=\"color:#993300\" class=\"has-inline-color\">Tina Attinger<\/span><\/strong><br>Administration<\/p>\n<\/div>\n<\/div>\n\n\n\n<p><\/p>\n<\/div>\n<\/div>\n\n\n\n<div class=\"wp-block-columns is-layout-flex wp-container-core-columns-is-layout-9d6595d7 wp-block-columns-is-layout-flex\">\n<div class=\"wp-block-column is-layout-flow wp-block-column-is-layout-flow\">\n<div class=\"wp-block-columns is-layout-flex wp-container-core-columns-is-layout-9d6595d7 wp-block-columns-is-layout-flex\">\n<div class=\"wp-block-column is-layout-flow wp-block-column-is-layout-flow\">\n<p><strong><span style=\"color:#993300\" class=\"has-inline-color\">Barbara Villiger<\/span><br><\/strong>Assistante de recherche<\/p>\n<\/div>\n\n\n\n<div class=\"wp-block-column is-layout-flow wp-block-column-is-layout-flow\"><\/div>\n<\/div>\n<\/div>\n\n\n\n<div class=\"wp-block-column is-layout-flow wp-block-column-is-layout-flow\">\n<div class=\"wp-block-columns is-layout-flex wp-container-core-columns-is-layout-9d6595d7 wp-block-columns-is-layout-flex\">\n<div class=\"wp-block-column is-layout-flow wp-block-column-is-layout-flow\"><\/div>\n\n\n\n<div class=\"wp-block-column is-layout-flow wp-block-column-is-layout-flow\"><\/div>\n<\/div>\n\n\n\n<p><\/p>\n<\/div>\n<\/div>\n\n\n\n<p><\/p>\n\n\n<h3><strong data-rich-text-format-boundary=\"true\">Les partenaires du projet<\/strong><\/h3>\n<p><span style=\"color: #993300;\"><strong>Spitex Suisse, ASPS, ASI, OBSAN, GDK, Swiss Nurse Leaders et l&rsquo;Ho\u0302pital universitaire de Ba\u0302le.<\/strong><\/span><\/p>\n<h4 style=\"text-align: center;\">\u00a0<\/h4>\n<h3><strong>Group d&rsquo;int\u00e9r\u00eat <\/strong><\/h3>\n<p>SPOT<sup>nat<\/sup> est soutenu et accompagn\u00e9 par un groupe d\u2018int\u00e9r\u00eat compos\u00e9 par:<\/p>\n<p>T. Grolimund (OFSP), S. Pellegrini (OBSAN), S. Marti (CDS-GDK), S. Tsch\u00f6pe (D\u00e9partement des soins de longue dur\u00e9e, canton BS), D. Vuilloud (Direction de la sant\u00e9 du canton VD), C. Ullmann (Commune Stein am Rhein \u2013 Responsable des affaires sociales SH), <br \/>E. B\u00e4ttig (Spitex Suisse), M. Reck (ASPS), I.A. Frei (Spitex B\u00e2le), G. Bolliger (Directrice de Permed AG), V. Vouillamoz (CMS -SMZ Valais Wallis), H. Koch (Swiss Nurse Leaders), M. Hilpertshauser (Experte en soins Spitex Gaiserwald SG), K. Saynisch (Experte en soins Spitex RegioArbon TG), C. Gu\u00e9ninchault (Imad GE), P. Stucki-Th\u00fcr (Experte en soins Spitex D\u00fcrnten), E. Indermaur (Association suisse des infirmiers et infirmi\u00e8res ASI), B. Caviezel (Association professionnelle pour les soins de longue dur\u00e9e (LangzeitSchweiz), R. Schwendimann (H\u00f4pital universitaire de B\u00e2le), N. Hediger (Cabinet m\u00e9dicale), F. Suter (R\u00e9seau de m\u00e9decins du Nord-Ouest), B. Stocker (Pro Senectute Nidwalden), R. Pfau (Experte en soins EUPATI)<\/p>\n<p style=\"text-align: center;\">","protected":false},"excerpt":{"rendered":"<p>Direction de l&rsquo;\u00e9tude Direction de l&rsquo;\u00e9tude Direction de l&rsquo;\u00e9tude Direction de l&rsquo;\u00e9tude Direction de l&rsquo;\u00e9tude Direction de l&rsquo;\u00e9tude Direction de l&rsquo;\u00e9tude Direction de l&rsquo;\u00e9tude Direction de l&rsquo;\u00e9tude Direction de l&rsquo;\u00e9tude Direction de l&rsquo;\u00e9tude Direction de l&rsquo;\u00e9tude Direction de l&rsquo;\u00e9tude Direction de l&rsquo;\u00e9tude Direction de l&rsquo;\u00e9tude Direction de l&rsquo;\u00e9tude Direction de l&rsquo;\u00e9tude Direction de l&rsquo;\u00e9tude Direction &#8230; <a title=\"L&rsquo;\u00e9quipe de recherche\" class=\"read-more\" href=\"https:\/\/spotnat.nursing.unibas.ch\/fr\/lequipe-de-recherche\/\" aria-label=\"En savoir plus sur L&rsquo;\u00e9quipe de recherche\">Lire plus<\/a><\/p>\n","protected":false},"author":2,"featured_media":0,"parent":0,"menu_order":0,"comment_status":"closed","ping_status":"closed","template":"","meta":{"_coblocks_attr":"","_coblocks_dimensions":"","_coblocks_responsive_height":"","_coblocks_accordion_ie_support":"","footnotes":""},"class_list":["post-347","page","type-page","status-publish"],"_links":{"self":[{"href":"https:\/\/spotnat.nursing.unibas.ch\/fr\/wp-json\/wp\/v2\/pages\/347","targetHints":{"allow":["GET"]}}],"collection":[{"href":"https:\/\/spotnat.nursing.unibas.ch\/fr\/wp-json\/wp\/v2\/pages"}],"about":[{"href":"https:\/\/spotnat.nursing.unibas.ch\/fr\/wp-json\/wp\/v2\/types\/page"}],"author":[{"embeddable":true,"href":"https:\/\/spotnat.nursing.unibas.ch\/fr\/wp-json\/wp\/v2\/users\/2"}],"replies":[{"embeddable":true,"href":"https:\/\/spotnat.nursing.unibas.ch\/fr\/wp-json\/wp\/v2\/comments?post=347"}],"version-history":[{"count":7,"href":"https:\/\/spotnat.nursing.unibas.ch\/fr\/wp-json\/wp\/v2\/pages\/347\/revisions"}],"predecessor-version":[{"id":1064,"href":"https:\/\/spotnat.nursing.unibas.ch\/fr\/wp-json\/wp\/v2\/pages\/347\/revisions\/1064"}],"wp:attachment":[{"href":"https:\/\/spotnat.nursing.unibas.ch\/fr\/wp-json\/wp\/v2\/media?parent=347"}],"curies":[{"name":"wp","href":"https:\/\/api.w.org\/{rel}","templated":true}]}}