{"id":515,"date":"2020-12-03T10:55:01","date_gmt":"2020-12-03T09:55:01","guid":{"rendered":"https:\/\/spotnat.nursing.unibas.ch\/?page_id=515"},"modified":"2020-12-03T12:30:05","modified_gmt":"2020-12-03T11:30:05","slug":"contexte","status":"publish","type":"page","link":"https:\/\/spotnat.nursing.unibas.ch\/fr\/contexte\/","title":{"rendered":"Contexte"},"content":{"rendered":"\n<p>En Suisse, le domaine de l&rsquo;aide et les soins \u00e0 domicile (ASaD) est confront\u00e9\u0301 \u00e0 des exigences croissantes. Les personnes \u00e2g\u00e9es et les personnes souffrant de maladies chroniques veulent rester le plus longtemps possible dans leurs propres murs, m\u00eame dans des situations de soins complexes. Simultan\u00e9ment, les s\u00e9jours \u00e0 l&rsquo;h\u00f4pital sont de plus en plus courts, car la prise en charge \u00e0 domicile est plus \u00e9conomique que celle offerte en institution. Cela augmente non seulement la complexit\u00e9 et la gravit\u00e9 des situations de soins et d&rsquo;assistance suivies \u00e0 domicile, mais \u00e9galement le nombre de client.e.s que l\u2019ASaD traite chaque ann\u00e9e.<\/p>\n\n\n\n<p>Avec le nombre de client.e.s aumente aussi le besoin en personnel . Depuis quelques ann\u00e9es, l\u2019ASaD enregistre la plus forte croissance annuelle dans le secteur de la sant\u00e9 en Suisse. Malgr\u00e9 diverses mesures, une p\u00e9nurie de personnel soignant se dessine. La pression sur les co\u00fbts de l\u2019ASaD ne cesse d&rsquo;augmenter et tend \u00e0 aggraver la situation.<\/p>\n\n\n\n<p>L\u2019ASaD est un fournisseur central de prestations de sant\u00e9 caract\u00e9ris\u00e9\u0301 par de nombreuses interfaces avec d&rsquo;autres fournisseurs de prestations, comme p.ex. l&rsquo;h\u00f4pital, les m\u00e9decins de famille, ou les th\u00e9rapeutes. Pour des raisons historiques, les prestations dans le domaine de la sant\u00e9 ont longtemps \u00e9t\u00e9 ax\u00e9es sur les soins aigus. M\u00eame si une r\u00e9orientation vers les soins de longue dur\u00e9e est en cours, elle ne parvient pas \u00e0 suivre le rythme des changements rapides du syst\u00e8me de sant\u00e9. Ce dernier est de plus fragment\u00e9, avec un manque de coordination et de communication entre les prestataires de services, ce qui rend le travail de l\u2019ASaD plus difficile.<\/p>\n\n\n\n<p>La combinaison de tous ces probl\u00e8mes met en danger la qualit\u00e9\u0301 des soins. Une bonne qualit\u00e9\u0301 est pourtant essentielle pour \u00e9viter les hospitalisations inutiles, les complications au niveau de la sant\u00e9 et les co\u00fbts inutiles.<\/p>\n\n\n\n<p>Nous savons actuellement peu de choses sur les facteurs li\u00e9s au syst\u00e8me ainsi qu\u2019\u00e0 l\u2019exploitation des services qui influencent effectivement la coordination et la qualit\u00e9 de l\u2019ASaD. Et surtout, l&rsquo;importance des exigences l\u00e9gales et des conditions-cadres r\u00e9glementaires pour la coordination et la qualit\u00e9\u0301 de l\u2019ASaD a fait l&rsquo;objet de tr\u00e8s peu de recherches. Nous ne savons donc ni comment ces facteurs syst\u00e9miques affectent les structures et les processus des services, ni comment les facteurs syst\u00e9miques et les facteurs li\u00e9s \u00e0 l\u2019exploitation des services sont associ\u00e9s \u00e0 la gestion du personnel de l\u2019ASaD et \u00e0 sa capacit\u00e9 \u00e0 offrir une bonne coordination et une bonne qualit\u00e9 de prise en charge.<\/p>\n\n\n\n<p><strong>Ce projet donnera un premier aper\u00e7u national de la qualit\u00e9 des soins dispens\u00e9s par les services d\u2019aide et de soins \u00e0 domicile suisses et de ses facteurs d&rsquo;influence. Il permettra d&rsquo;identifier des domaines d&rsquo;action pour l&rsquo;am\u00e9lioration de la qualit\u00e9 et fournira des donn\u00e9es de r\u00e9f\u00e9rence \u00e0 diff\u00e9rents niveaux. Les r\u00e9sultats de ce projet soutiendront les instances politiques et les responsables de l\u2019ASaD dans le d\u00e9veloppement de la qualit\u00e9 des soins.<\/strong><\/p>\n\n\n\n<p><strong><br><\/strong><\/p>\n","protected":false},"excerpt":{"rendered":"<p>En Suisse, le domaine de l&rsquo;aide et les soins \u00e0 domicile (ASaD) est confront\u00e9\u0301 \u00e0 des exigences croissantes. Les personnes \u00e2g\u00e9es et les personnes souffrant de maladies chroniques veulent rester le plus longtemps possible dans leurs propres murs, m\u00eame dans des situations de soins complexes. Simultan\u00e9ment, les s\u00e9jours \u00e0 l&rsquo;h\u00f4pital sont de plus en plus &#8230; <a title=\"Contexte\" class=\"read-more\" href=\"https:\/\/spotnat.nursing.unibas.ch\/fr\/contexte\/\" aria-label=\"En savoir plus sur Contexte\">Lire plus<\/a><\/p>\n","protected":false},"author":2,"featured_media":0,"parent":0,"menu_order":0,"comment_status":"closed","ping_status":"closed","template":"","meta":{"_coblocks_attr":"","_coblocks_dimensions":"","_coblocks_responsive_height":"","_coblocks_accordion_ie_support":"","footnotes":""},"class_list":["post-515","page","type-page","status-publish"],"_links":{"self":[{"href":"https:\/\/spotnat.nursing.unibas.ch\/fr\/wp-json\/wp\/v2\/pages\/515","targetHints":{"allow":["GET"]}}],"collection":[{"href":"https:\/\/spotnat.nursing.unibas.ch\/fr\/wp-json\/wp\/v2\/pages"}],"about":[{"href":"https:\/\/spotnat.nursing.unibas.ch\/fr\/wp-json\/wp\/v2\/types\/page"}],"author":[{"embeddable":true,"href":"https:\/\/spotnat.nursing.unibas.ch\/fr\/wp-json\/wp\/v2\/users\/2"}],"replies":[{"embeddable":true,"href":"https:\/\/spotnat.nursing.unibas.ch\/fr\/wp-json\/wp\/v2\/comments?post=515"}],"version-history":[{"count":3,"href":"https:\/\/spotnat.nursing.unibas.ch\/fr\/wp-json\/wp\/v2\/pages\/515\/revisions"}],"predecessor-version":[{"id":550,"href":"https:\/\/spotnat.nursing.unibas.ch\/fr\/wp-json\/wp\/v2\/pages\/515\/revisions\/550"}],"wp:attachment":[{"href":"https:\/\/spotnat.nursing.unibas.ch\/fr\/wp-json\/wp\/v2\/media?parent=515"}],"curies":[{"name":"wp","href":"https:\/\/api.w.org\/{rel}","templated":true}]}}