{"id":536,"date":"2020-12-03T12:19:00","date_gmt":"2020-12-03T11:19:00","guid":{"rendered":"https:\/\/spotnat.nursing.unibas.ch\/?page_id=536"},"modified":"2025-11-12T07:59:42","modified_gmt":"2025-11-12T06:59:42","slug":"contact","status":"publish","type":"page","link":"https:\/\/spotnat.nursing.unibas.ch\/fr\/contact\/","title":{"rendered":"Contact"},"content":{"rendered":"\n<div class=\"wp-block-columns is-layout-flex wp-container-core-columns-is-layout-9d6595d7 wp-block-columns-is-layout-flex\">\n<div class=\"wp-block-column is-layout-flow wp-block-column-is-layout-flow\" style=\"flex-basis:66.66%\">\n<p>Si vous souhaitez en savoir plus sur l\u2019\u00e9tude SPOT<sup>nat<\/sup> ou si vous avez des questions, n\u2019h\u00e9sitez pas \u00e0 nous appeler ou \u00e0 nous \u00e9crire:\u00a0<strong><span style=\"color: #993300;\">spot-nursing@unibas.ch<\/span><\/strong><\/p>\n<p><strong>L\u2019Institut de recherche en sciences infirmi\u00e8res \u2013 Nursing Science<br \/><\/strong>Facult\u00e9 de m\u00e9decine<br \/>Universit\u00e9 de B\u00e2le<br \/>Bernoullistrasse 28<br \/>4056 Basel<br \/>Suisse<\/p>\n\n\n\n<div style=\"min-height:350px\" data-map-attr=\"\/qaddress\/q:\/qbernoullistrasse 28, 4056 Basel\/q||\/qlat\/q:\/qundefined\/q||\/qlng\/q:\/qundefined\/q||\/qskin\/q:\/qstandard\/q||\/qzoom\/q:\/q15\/q||\/qiconSize\/q:\/q36\/q||\/qmapTypeControl\/q:\/qtrue\/q||\/qzoomControl\/q:\/qtrue\/q||\/qstreetViewControl\/q:\/qtrue\/q||\/qfullscreenControl\/q:\/qtrue\/q\" class=\"wp-block-coblocks-map mt-0\"><iframe title=\"Google Maps-Karte\" frameborder=\"0\" style=\"width:100%;min-height:350px\" src=\"https:\/\/www.google.com\/maps?q=bernoullistrasse%2028%2C%204056%20Basel&amp;output=embed&amp;hl=de-DE&amp;z=15\"><\/iframe><\/div>\n<\/div>\n<\/div>\n","protected":false},"excerpt":{"rendered":"<p>Si vous souhaitez en savoir plus sur l\u2019\u00e9tude SPOTnat ou si vous avez des questions, n\u2019h\u00e9sitez pas \u00e0 nous appeler ou \u00e0 nous \u00e9crire:\u00a0spot-nursing@unibas.ch L\u2019Institut de recherche en sciences infirmi\u00e8res \u2013 Nursing ScienceFacult\u00e9 de m\u00e9decineUniversit\u00e9 de B\u00e2leBernoullistrasse 284056 BaselSuisse<\/p>\n","protected":false},"author":2,"featured_media":0,"parent":0,"menu_order":0,"comment_status":"closed","ping_status":"closed","template":"","meta":{"_coblocks_attr":"","_coblocks_dimensions":"","_coblocks_responsive_height":"","_coblocks_accordion_ie_support":"","footnotes":""},"class_list":["post-536","page","type-page","status-publish"],"_links":{"self":[{"href":"https:\/\/spotnat.nursing.unibas.ch\/fr\/wp-json\/wp\/v2\/pages\/536","targetHints":{"allow":["GET"]}}],"collection":[{"href":"https:\/\/spotnat.nursing.unibas.ch\/fr\/wp-json\/wp\/v2\/pages"}],"about":[{"href":"https:\/\/spotnat.nursing.unibas.ch\/fr\/wp-json\/wp\/v2\/types\/page"}],"author":[{"embeddable":true,"href":"https:\/\/spotnat.nursing.unibas.ch\/fr\/wp-json\/wp\/v2\/users\/2"}],"replies":[{"embeddable":true,"href":"https:\/\/spotnat.nursing.unibas.ch\/fr\/wp-json\/wp\/v2\/comments?post=536"}],"version-history":[{"count":6,"href":"https:\/\/spotnat.nursing.unibas.ch\/fr\/wp-json\/wp\/v2\/pages\/536\/revisions"}],"predecessor-version":[{"id":1096,"href":"https:\/\/spotnat.nursing.unibas.ch\/fr\/wp-json\/wp\/v2\/pages\/536\/revisions\/1096"}],"wp:attachment":[{"href":"https:\/\/spotnat.nursing.unibas.ch\/fr\/wp-json\/wp\/v2\/media?parent=536"}],"curies":[{"name":"wp","href":"https:\/\/api.w.org\/{rel}","templated":true}]}}