{"id":543,"date":"2020-12-03T12:26:29","date_gmt":"2020-12-03T11:26:29","guid":{"rendered":"https:\/\/spotnat.nursing.unibas.ch\/?page_id=543"},"modified":"2025-11-12T08:03:57","modified_gmt":"2025-11-12T07:03:57","slug":"newsletter","status":"publish","type":"page","link":"https:\/\/spotnat.nursing.unibas.ch\/fr\/newsletter\/","title":{"rendered":"Newsletter"},"content":{"rendered":"\n<div class=\"wp-block-columns is-layout-flex wp-container-core-columns-is-layout-9d6595d7 wp-block-columns-is-layout-flex\">\n<div class=\"wp-block-column is-layout-flow wp-block-column-is-layout-flow\" style=\"flex-basis:66.66%\">\n<p><a href=\"https:\/\/mailchi.mp\/unibas\/spotnat-newsletter-decembre2023\" data-type=\"link\" data-id=\"https:\/\/mailchi.mp\/unibas\/spotnat-newsletter-decembre2023\" target=\"_blank\" rel=\"noreferrer noopener\"><strong>Newsletter 7<\/strong> (D\u00e9cembre 2023)<br>R\u00e9trospective 2023, perspectives 2024<\/a><\/p>\n\n\n\n<p><a href=\"https:\/\/mailchi.mp\/unibas\/spotnat-newsletter-mai2023_fr\" target=\"_blank\" rel=\"noreferrer noopener\"><strong>Newsletter 6<\/strong> (Mai 2023)<br>Le rapport national SPOT<sup>nat<\/sup><\/a><\/p>\n\n\n\n<p><a href=\"https:\/\/mailchi.mp\/unibas\/spotnat-newsletter-dez2022-fr-10264745\"><strong>Newsletter 5<\/strong> (D\u00e9cembre 2022)<br>R\u00e9trospective et prochaines \u00e9tapes de SPOT<sup>nat<\/sup><\/a><\/p>\n\n\n\n<p class=\"has-black-color has-text-color has-normal-font-size\"><a href=\"https:\/\/mailchi.mp\/unibas\/spotnat-newsletter-juin_22?e=e648434317\" data-type=\"URL\" data-id=\"https:\/\/mailchi.mp\/unibas\/spotnat-newsletter-juin_22?e=e648434317\"><strong>Newsletter 4<\/strong> (Juin 2022)<\/a><\/p>\n\n\n\n<p class=\"has-black-color has-text-color has-normal-font-size\"><a href=\"https:\/\/mailchi.mp\/unibas\/spotnat-newsletter-decembre-21\" data-type=\"URL\" data-id=\"https:\/\/mailchi.mp\/unibas\/spotnat-newsletter-decembre-21\"><strong>Newsletter 3<\/strong> (D\u00e9cembre 2021)<br>SPOT<sup>nat &nbsp;<\/sup>\u2013&nbsp;R\u00e9trospective 2021, perspectives 2022<\/a><\/p>\n\n\n\n<p class=\"has-black-color has-text-color has-normal-font-size\"><a href=\"https:\/\/mailchi.mp\/unibas\/spotnat-newsletter-juin-2021\" data-type=\"URL\" data-id=\"https:\/\/mailchi.mp\/unibas\/spotnat-newsletter-juin-2021\"><strong>Newsletter 2<\/strong> (Juin 2021)<br>\u00c9tat de la collecte des donn\u00e9es et pr\u00e9sentation de l&rsquo;\u00e9quipe de recherche<\/a><\/p>\n\n\n\n<p class=\"has-normal-font-size\"><a href=\"https:\/\/spotnat.nursing.unibas.ch\/wp-content\/uploads\/2021\/01\/Newsletter_Januar2021_Webversion_frz.pdf\"><span class=\"has-inline-color has-black-color\"><strong>Newsletter 1<\/strong> (Janvier 2021)<br>SPOT<sup>nat<\/sup> \u2013 Bilan de l&rsquo;ann\u00e9e et perspectives<\/span><\/a><\/p>\n<\/div>\n\n\n\n<div class=\"wp-block-column is-layout-flow wp-block-column-is-layout-flow\" style=\"flex-basis:33.33%\"><\/div>\n<\/div>\n","protected":false},"excerpt":{"rendered":"<p>Newsletter 7 (D\u00e9cembre 2023)R\u00e9trospective 2023, perspectives 2024 Newsletter 6 (Mai 2023)Le rapport national SPOTnat Newsletter 5 (D\u00e9cembre 2022)R\u00e9trospective et prochaines \u00e9tapes de SPOTnat Newsletter 4 (Juin 2022) Newsletter 3 (D\u00e9cembre 2021)SPOTnat &nbsp;\u2013&nbsp;R\u00e9trospective 2021, perspectives 2022 Newsletter 2 (Juin 2021)\u00c9tat de la collecte des donn\u00e9es et pr\u00e9sentation de l&rsquo;\u00e9quipe de recherche Newsletter 1 (Janvier 2021)SPOTnat \u2013 &#8230; <a title=\"Newsletter\" class=\"read-more\" href=\"https:\/\/spotnat.nursing.unibas.ch\/fr\/newsletter\/\" aria-label=\"En savoir plus sur Newsletter\">Lire plus<\/a><\/p>\n","protected":false},"author":2,"featured_media":0,"parent":0,"menu_order":0,"comment_status":"closed","ping_status":"closed","template":"","meta":{"_coblocks_attr":"","_coblocks_dimensions":"","_coblocks_responsive_height":"","_coblocks_accordion_ie_support":"","footnotes":""},"class_list":["post-543","page","type-page","status-publish"],"_links":{"self":[{"href":"https:\/\/spotnat.nursing.unibas.ch\/fr\/wp-json\/wp\/v2\/pages\/543","targetHints":{"allow":["GET"]}}],"collection":[{"href":"https:\/\/spotnat.nursing.unibas.ch\/fr\/wp-json\/wp\/v2\/pages"}],"about":[{"href":"https:\/\/spotnat.nursing.unibas.ch\/fr\/wp-json\/wp\/v2\/types\/page"}],"author":[{"embeddable":true,"href":"https:\/\/spotnat.nursing.unibas.ch\/fr\/wp-json\/wp\/v2\/users\/2"}],"replies":[{"embeddable":true,"href":"https:\/\/spotnat.nursing.unibas.ch\/fr\/wp-json\/wp\/v2\/comments?post=543"}],"version-history":[{"count":12,"href":"https:\/\/spotnat.nursing.unibas.ch\/fr\/wp-json\/wp\/v2\/pages\/543\/revisions"}],"predecessor-version":[{"id":1099,"href":"https:\/\/spotnat.nursing.unibas.ch\/fr\/wp-json\/wp\/v2\/pages\/543\/revisions\/1099"}],"wp:attachment":[{"href":"https:\/\/spotnat.nursing.unibas.ch\/fr\/wp-json\/wp\/v2\/media?parent=543"}],"curies":[{"name":"wp","href":"https:\/\/api.w.org\/{rel}","templated":true}]}}