{"id":557,"date":"2020-12-21T08:42:00","date_gmt":"2020-12-21T07:42:00","guid":{"rendered":"https:\/\/spotnat.nursing.unibas.ch\/?page_id=557"},"modified":"2020-12-21T09:38:12","modified_gmt":"2020-12-21T08:38:12","slug":"contesto","status":"publish","type":"page","link":"https:\/\/spotnat.nursing.unibas.ch\/it\/contesto\/","title":{"rendered":"Contesto"},"content":{"rendered":"\n<p>In Svizzera, lo Spitex si trova a fronteggiare richieste in continuo aumento. Gli anziani e i malati cronici desiderano vivere sempre pi\u00f9 a lungo all\u2019interno delle proprie case, anche in situazioni in cui l\u2019assistenza sanitaria \u00e8 complessa. Al contempo, la durata della degenza ospedaliera diventa sempre pi\u00f9 breve, in quanto le cure domiciliari rappresentano un&#8217;alternativa economicamente vantaggiosa rispetto alle cure ospedaliere [3]. Ci\u00f2, non solo aumenta la complessit\u00e0 e la gravit\u00e0 dei casi di cura e d\u2019assistenza trattati a domicilio, ma anche il numero di clienti che ogni anno sono assistiti da Spitex.<\/p>\n\n\n\n<p>Visto il crescente numero di clienti, aumenta anche la richiesta di personale Spitex. Da diversi anni lo Spitex svizzero mostra l\u2019incremento annuale pi\u00f9 elevato di tutto il settore sanitario nazionale. Nonostante l\u2019attuazione di varie misure a livello nazionale, si sta riscontrando anche nel settore dello Spitex una carenza di personale curante. Il quadro generale \u00e8 ulteriormente aggravato dalla crescente pressione sul contenimento dei costi sanitari dello Spitex.<\/p>\n\n\n\n<p>Lo Spitex \u00e8 un fornitore fondamentale di prestazioni sanitarie, che possiede molte interfacce con altri fornitori di servizi, come ad es. ospedali,medici di famigli o terapisti. Per ragioni storiche, in passato l&#8217;assistenza sanitaria si \u00e8 concentrata selle cure acute immediate. Attualmente \u00e8 in corso un cambiamento a favore di un\u2019assistenza sanitaria a lungo termine; tuttavia il processo non \u00e8 in grado di rimanere al passo con i rapidi sviluppi del sistema sanitario. Purtroppo, il sistema sanitario rimane frammentato, mostrando lacune sia per quanto riguarda il coordinamento sia la comunicazione tra i vari fornitori di servizi, complicando il lavoro dello Spitex .<\/p>\n\n\n\n<p>L\u2019insieme di tutte queste problematiche compromette la qualit\u00e0 dell\u2019assistenza sanitaria fornita da Spitex. Ciononostante, una buona qualit\u00e0 \u00e8 essenziale per evitare ricoveri ospedalieri non necessari, complicazioni mediche e costi inutili.<\/p>\n\n\n\n<p>Finora, conosciamo solo minimamente quali fattori concernenti il sistema, e quali fattori aziendali influiscano concretamente sul coordinamento e sulla qualit\u00e0 dello Spitex. In particolare, quale sia l\u2019impatto dei requisiti giuridici e delle normative vigenti sul coordinamento e sulla qualit\u00e0 all\u2019interno di Spitex non \u00e8 stato quasi mai studiato. Non sappiamo, n\u00e9 quali siano gli effetti che ne risultano dal punto di vista delle strutture aziendali e dei processi; n\u00e9 come essi abbiano influsso sulla prestazione lavorativa del personale curante di Spitex e e sulla capacit\u00e0 di fornire un coordinamento e una qualit\u00e0 ottimali.<\/p>\n\n\n\n<p><strong>Questo progetto fornisce una prima visione nazionale sulla qualit\u00e0 dell&#8217;assistenza sanitaria e dei fattori che la influenzano nel settore dello Spitex svizzero. Ci\u00f2 permette d\u2019identificare campi d\u2019azione per il miglioramento della qualit\u00e0 e evidenzia a diversi livelli i vari aspetti d\u2019intervento. I risultati di questo progetto sostengono il settore politico e i responsabili di Spitex nell&#8217;ulteriore sviluppo della qualit\u00e0 dell&#8217;assistenza sanitaria.<\/strong><\/p>\n\n\n\n<p><strong><br><\/strong><\/p>\n","protected":false},"excerpt":{"rendered":"<p>In Svizzera, lo Spitex si trova a fronteggiare richieste in continuo aumento. Gli anziani e i malati cronici desiderano vivere sempre pi\u00f9 a lungo all\u2019interno delle proprie case, anche in situazioni in cui l\u2019assistenza sanitaria \u00e8 complessa. Al contempo, la durata della degenza ospedaliera diventa sempre pi\u00f9 breve, in quanto le cure domiciliari rappresentano un&#8217;alternativa &#8230; <a title=\"Contesto\" class=\"read-more\" href=\"https:\/\/spotnat.nursing.unibas.ch\/it\/contesto\/\" aria-label=\"Per saperne di pi\u00f9 su Contesto\">Leggi tutto<\/a><\/p>\n","protected":false},"author":2,"featured_media":0,"parent":0,"menu_order":0,"comment_status":"closed","ping_status":"closed","template":"","meta":{"_coblocks_attr":"","_coblocks_dimensions":"","_coblocks_responsive_height":"","_coblocks_accordion_ie_support":"","footnotes":""},"class_list":["post-557","page","type-page","status-publish"],"_links":{"self":[{"href":"https:\/\/spotnat.nursing.unibas.ch\/it\/wp-json\/wp\/v2\/pages\/557","targetHints":{"allow":["GET"]}}],"collection":[{"href":"https:\/\/spotnat.nursing.unibas.ch\/it\/wp-json\/wp\/v2\/pages"}],"about":[{"href":"https:\/\/spotnat.nursing.unibas.ch\/it\/wp-json\/wp\/v2\/types\/page"}],"author":[{"embeddable":true,"href":"https:\/\/spotnat.nursing.unibas.ch\/it\/wp-json\/wp\/v2\/users\/2"}],"replies":[{"embeddable":true,"href":"https:\/\/spotnat.nursing.unibas.ch\/it\/wp-json\/wp\/v2\/comments?post=557"}],"version-history":[{"count":3,"href":"https:\/\/spotnat.nursing.unibas.ch\/it\/wp-json\/wp\/v2\/pages\/557\/revisions"}],"predecessor-version":[{"id":599,"href":"https:\/\/spotnat.nursing.unibas.ch\/it\/wp-json\/wp\/v2\/pages\/557\/revisions\/599"}],"wp:attachment":[{"href":"https:\/\/spotnat.nursing.unibas.ch\/it\/wp-json\/wp\/v2\/media?parent=557"}],"curies":[{"name":"wp","href":"https:\/\/api.w.org\/{rel}","templated":true}]}}