{"id":561,"date":"2020-12-21T09:32:24","date_gmt":"2020-12-21T08:32:24","guid":{"rendered":"https:\/\/spotnat.nursing.unibas.ch\/?page_id=561"},"modified":"2021-10-28T11:07:59","modified_gmt":"2021-10-28T10:07:59","slug":"il-team-di-ricerca","status":"publish","type":"page","link":"https:\/\/spotnat.nursing.unibas.ch\/it\/il-team-di-ricerca\/","title":{"rendered":"Il team di ricerca"},"content":{"rendered":"\n<div class=\"wp-block-columns is-layout-flex wp-container-core-columns-is-layout-9d6595d7 wp-block-columns-is-layout-flex\">\n<div class=\"wp-block-column is-vertically-aligned-bottom is-layout-flow wp-block-column-is-layout-flow\">\n<div class=\"wp-block-columns is-layout-flex wp-container-core-columns-is-layout-9d6595d7 wp-block-columns-is-layout-flex\">\n<div class=\"wp-block-column is-layout-flow wp-block-column-is-layout-flow\">\n<h3><strong>Direttrice dello studio<\/strong><\/h3>\n\n\n\n<figure class=\"wp-block-image size-medium\"><img loading=\"lazy\" decoding=\"async\" width=\"300\" height=\"300\" src=\"https:\/\/spotnat.nursing.unibas.ch\/wp-content\/uploads\/2020\/11\/Zuniga_sw-edited-300x300.jpg\" alt=\"\" class=\"wp-image-415\" srcset=\"https:\/\/spotnat.nursing.unibas.ch\/wp-content\/uploads\/2020\/11\/Zuniga_sw-edited-300x300.jpg 300w, https:\/\/spotnat.nursing.unibas.ch\/wp-content\/uploads\/2020\/11\/Zuniga_sw-edited-150x150.jpg 150w, https:\/\/spotnat.nursing.unibas.ch\/wp-content\/uploads\/2020\/11\/Zuniga_sw-edited-768x769.jpg 768w, https:\/\/spotnat.nursing.unibas.ch\/wp-content\/uploads\/2020\/11\/Zuniga_sw-edited.jpg 884w\" sizes=\"auto, (max-width: 300px) 100vw, 300px\" \/><\/figure>\n\n\n\n<h6><span style=\"color: #993300;\"><strong>Dr. ssa Franziska Z\u00fa\u00f1iga <\/strong><\/span><\/h6>\n<p>Istituto di Scienze Infermieristiche, <br>Universit\u00e0 di Basilea, Svizzera<\/p>\n<p><\/p>\n<\/div>\n\n\n\n<div class=\"wp-block-column is-layout-flow wp-block-column-is-layout-flow\"><\/div>\n<\/div>\n<\/div>\n\n\n\n<div class=\"wp-block-column is-layout-flow wp-block-column-is-layout-flow\">\n<div class=\"wp-block-columns is-layout-flex wp-container-core-columns-is-layout-9d6595d7 wp-block-columns-is-layout-flex\">\n<div class=\"wp-block-column is-layout-flow wp-block-column-is-layout-flow\">\n<h3><a href=\"https:\/\/nursing.unibas.ch\/de\/personen\/nathalie-moeckli\/\"><strong><span style=\"color: #000000;\">Responsabile<\/span><\/strong><\/a><span style=\"color: #000000;\"><strong> dello progetto<\/strong><\/span><\/h3>\n\n\n\n<figure class=\"wp-block-image size-medium\"><img loading=\"lazy\" decoding=\"async\" width=\"300\" height=\"300\" src=\"https:\/\/spotnat.nursing.unibas.ch\/wp-content\/uploads\/2020\/11\/Nathalie-1-edited-1-300x300.jpg\" alt=\"\" class=\"wp-image-423\" srcset=\"https:\/\/spotnat.nursing.unibas.ch\/wp-content\/uploads\/2020\/11\/Nathalie-1-edited-1-300x300.jpg 300w, https:\/\/spotnat.nursing.unibas.ch\/wp-content\/uploads\/2020\/11\/Nathalie-1-edited-1-150x150.jpg 150w, https:\/\/spotnat.nursing.unibas.ch\/wp-content\/uploads\/2020\/11\/Nathalie-1-edited-1.jpg 600w\" sizes=\"auto, (max-width: 300px) 100vw, 300px\" \/><\/figure>\n\n\n\n<h6><a href=\"https:\/\/nursing.unibas.ch\/de\/personen\/nathalie-moeckli\/\"><strong data-rich-text-format-boundary=\"true\"><span style=\"color: #993300;\">Nathalie M\u00f6ckli<\/span><\/strong><\/a><\/h6>\n<p>Istituto di Scienze Infermieristiche,&nbsp;<br>Universit\u00e0 di Basilea, Svizzera<\/p>\n<\/div>\n\n\n\n<div class=\"wp-block-column is-layout-flow wp-block-column-is-layout-flow\"><\/div>\n<\/div>\n<\/div>\n<\/div>\n\n\n<p><\/p>\n<h3><strong>Gruppo di ricerca<\/strong><\/h3>\n<p><a href=\"https:\/\/nursing.unibas.ch\/de\/personen\/michael-simon\/\"><strong><span data-rich-text-format-boundary=\"true\"><span style=\"color: #993300;\">Prof. Dr. Michael Simon<\/span><\/span><\/strong><\/a> &#8211; Istituto di Scienze Infermieristiche , Universit\u00e0 di Basilea, Svizzera<br><span style=\"color: #993300;\"><a style=\"color: #993300;\" href=\"https:\/\/pharma.unibas.ch\/de\/personen\/carla-meyer-massetti-1529\/\"><strong>Dr. ssa Carla Meyer-Massetti<\/strong><\/a><\/span> &#8211; Farmacia Clinica ed Epidemiologia, Dipartimento di Scienze Farmaceutiche, Universita\u0300 di Basilea; Svizzera<br data-rich-text-line-break=\"true\"><a href=\"https:\/\/www.hslu.ch\/de-ch\/hochschule-luzern\/ueber-uns\/personensuche\/profile\/?pid=1571\"><strong><span style=\"color: #993300;\">Dr. Matthias W\u00e4chter<\/span><\/strong><\/a> \u2013 Istituto di Economia Aziendale e Regionale IBR, Universita\u0300 di Lucerna, Svizzera <br data-rich-text-line-break=\"true\"><a href=\"https:\/\/hausarzt.medizin.unibas.ch\/de\/ueber-uns\/das-team\/\"><strong><span style=\"color: #993300;\">Dr. med. Roland Fischer<\/span><\/strong><\/a> &#8211; Centro Universitario per la Medicina di famiglia, Basilea Citta\u0300 e Campagna, Universita\u0300 di Basilea, Svizzera<br data-rich-text-line-break=\"true\"><strong><a href=\"https:\/\/www.heds-fr.ch\/fr\/recherche\/%C3%A9quipe-de-recherche\/pihet-sandrine\"><span style=\"color: #993300;\">Dr. ssa Sandrine Pihet<\/span><\/a><\/strong> &#8211; Haute \u00c8cole de Sante\u0301, Friborgo (HEdS), Svizzera <br data-rich-text-line-break=\"true\"><strong><a href=\"http:\/\/www.serdaly-ankers.ch\/fr\/portraits-contacts-christine-serdaly-morgan#.X5FbbdAzabg\"><span style=\"color: #993300;\">Christine Serdaly<\/span><\/a><\/strong> &#8211; Serdaly &amp; Ankers, Conches, Svizzera<\/p>\n<p><\/p>\n\n\n<p><\/p>\n\n\n\n<h3 class=\"wp-block-heading\"><strong>Collaboratori del progetto<\/strong><\/h3>\n\n\n\n<div class=\"wp-block-columns is-layout-flex wp-container-core-columns-is-layout-9d6595d7 wp-block-columns-is-layout-flex\">\n<div class=\"wp-block-column is-layout-flow wp-block-column-is-layout-flow\">\n<div class=\"wp-block-columns is-layout-flex wp-container-core-columns-is-layout-9d6595d7 wp-block-columns-is-layout-flex\">\n<div class=\"wp-block-column is-layout-flow wp-block-column-is-layout-flow\">\n<figure class=\"wp-block-image size-large is-resized\"><img loading=\"lazy\" decoding=\"async\" src=\"https:\/\/spotnat.nursing.unibas.ch\/wp-content\/uploads\/2020\/11\/Tania_sw-edited.jpg\" alt=\"\" class=\"wp-image-394\" width=\"215\" height=\"215\" srcset=\"https:\/\/spotnat.nursing.unibas.ch\/wp-content\/uploads\/2020\/11\/Tania_sw-edited.jpg 214w, https:\/\/spotnat.nursing.unibas.ch\/wp-content\/uploads\/2020\/11\/Tania_sw-edited-150x150.jpg 150w\" sizes=\"auto, (max-width: 215px) 100vw, 215px\" \/><\/figure>\n\n\n\n<p><strong><span style=\"color:#993300\" class=\"has-inline-color\">Tania Martins<\/span><br><\/strong>Coordinamento svizzera tedesca e Ticino<\/p>\n<\/div>\n\n\n\n<div class=\"wp-block-column is-layout-flow wp-block-column-is-layout-flow\">\n<figure class=\"wp-block-image size-large is-resized\"><img loading=\"lazy\" decoding=\"async\" src=\"https:\/\/spotnat.nursing.unibas.ch\/wp-content\/uploads\/2020\/11\/Noemie_sw-edited.png\" alt=\"\" class=\"wp-image-400\" width=\"215\" height=\"215\" srcset=\"https:\/\/spotnat.nursing.unibas.ch\/wp-content\/uploads\/2020\/11\/Noemie_sw-edited.png 215w, https:\/\/spotnat.nursing.unibas.ch\/wp-content\/uploads\/2020\/11\/Noemie_sw-edited-150x150.png 150w\" sizes=\"auto, (max-width: 215px) 100vw, 215px\" \/><\/figure>\n\n\n\n<p><strong><span style=\"color:#993300\" class=\"has-inline-color\">No\u00e9mie Pasquier<\/span><br><\/strong>Coordinamento svizzera francese<\/p>\n<\/div>\n<\/div>\n<\/div>\n\n\n\n<div class=\"wp-block-column is-layout-flow wp-block-column-is-layout-flow\">\n<div class=\"wp-block-columns is-layout-flex wp-container-core-columns-is-layout-9d6595d7 wp-block-columns-is-layout-flex\">\n<div class=\"wp-block-column is-layout-flow wp-block-column-is-layout-flow\">\n<figure class=\"wp-block-image size-large is-resized\"><img loading=\"lazy\" decoding=\"async\" src=\"https:\/\/spotnat.nursing.unibas.ch\/wp-content\/uploads\/2020\/11\/Esther_sw.jpg\" alt=\"\" class=\"wp-image-403\" width=\"215\" height=\"215\" srcset=\"https:\/\/spotnat.nursing.unibas.ch\/wp-content\/uploads\/2020\/11\/Esther_sw.jpg 200w, https:\/\/spotnat.nursing.unibas.ch\/wp-content\/uploads\/2020\/11\/Esther_sw-150x150.jpg 150w\" sizes=\"auto, (max-width: 215px) 100vw, 215px\" \/><\/figure>\n\n\n\n<p><strong><span style=\"color:#993300\" class=\"has-inline-color\">Esther Locatelli<\/span><\/strong><br>Coordinamento Ticino<\/p>\n<\/div>\n\n\n\n<div class=\"wp-block-column is-layout-flow wp-block-column-is-layout-flow\">\n<figure class=\"wp-block-image size-medium is-resized\"><img loading=\"lazy\" decoding=\"async\" src=\"https:\/\/spotnat.nursing.unibas.ch\/wp-content\/uploads\/2020\/11\/Tina_Foto_sw-edited-1-300x300.jpg\" alt=\"\" class=\"wp-image-406\" width=\"215\" height=\"215\" srcset=\"https:\/\/spotnat.nursing.unibas.ch\/wp-content\/uploads\/2020\/11\/Tina_Foto_sw-edited-1-300x300.jpg 300w, https:\/\/spotnat.nursing.unibas.ch\/wp-content\/uploads\/2020\/11\/Tina_Foto_sw-edited-1-1024x1024.jpg 1024w, https:\/\/spotnat.nursing.unibas.ch\/wp-content\/uploads\/2020\/11\/Tina_Foto_sw-edited-1-150x150.jpg 150w, https:\/\/spotnat.nursing.unibas.ch\/wp-content\/uploads\/2020\/11\/Tina_Foto_sw-edited-1-768x768.jpg 768w, https:\/\/spotnat.nursing.unibas.ch\/wp-content\/uploads\/2020\/11\/Tina_Foto_sw-edited-1-1536x1536.jpg 1536w, https:\/\/spotnat.nursing.unibas.ch\/wp-content\/uploads\/2020\/11\/Tina_Foto_sw-edited-1.jpg 2000w\" sizes=\"auto, (max-width: 215px) 100vw, 215px\" \/><\/figure>\n\n\n\n<p><strong><span style=\"color:#993300\" class=\"has-inline-color\">Tina Attinger<\/span><\/strong><br>Amministrazione<\/p>\n<\/div>\n<\/div>\n\n\n\n<p><\/p>\n<\/div>\n<\/div>\n\n\n\n<div class=\"wp-block-columns is-layout-flex wp-container-core-columns-is-layout-9d6595d7 wp-block-columns-is-layout-flex\">\n<div class=\"wp-block-column is-layout-flow wp-block-column-is-layout-flow\">\n<div class=\"wp-block-columns is-layout-flex wp-container-core-columns-is-layout-9d6595d7 wp-block-columns-is-layout-flex\">\n<div class=\"wp-block-column is-layout-flow wp-block-column-is-layout-flow\">\n<p><strong><span style=\"color:#993300\" class=\"has-inline-color\">Barbara Villiger<\/span><br><\/strong>Assistente&nbsp;di ricerca<em>&nbsp;<\/em><\/p>\n<\/div>\n\n\n\n<div class=\"wp-block-column is-layout-flow wp-block-column-is-layout-flow\"><\/div>\n<\/div>\n<\/div>\n\n\n\n<div class=\"wp-block-column is-layout-flow wp-block-column-is-layout-flow\">\n<div class=\"wp-block-columns is-layout-flex wp-container-core-columns-is-layout-9d6595d7 wp-block-columns-is-layout-flex\">\n<div class=\"wp-block-column is-layout-flow wp-block-column-is-layout-flow\"><\/div>\n\n\n\n<div class=\"wp-block-column is-layout-flow wp-block-column-is-layout-flow\"><\/div>\n<\/div>\n\n\n\n<p><\/p>\n<\/div>\n<\/div>\n\n\n\n<p><\/p>\n\n\n<h3><strong>Sostenitori del progetto<\/strong><\/h3>\n<p style=\"background: white; margin: 0cm 0cm 18.0pt 0cm;\"><strong><span lang=\"DE-CH\" style=\"font-family: 'Arial',sans-serif; color: #993300;\">Spitex Schweiz, ASPS, SBK, OBSAN, GDK, Swiss Nurse Leaders e dall&#8217;Ospedale Universitario di Basilea<\/span><\/strong><\/p>\n<p>\u00a0<\/p>\n<h3 style=\"text-align: left;\"><strong>Gruppo di<\/strong> <strong>stakeholder<\/strong><\/h3>\n<p>SPOT<sup>nat<\/sup>\u00a0\u00e8 appoggiato da un ampio gruppo di stakeholders:<\/p>\n<p>Grolimund (UFSP), S. Pellegrini (OBSAN), S. Marti (CDS), S. Tsch\u00f6pe (Division per le cura a lungo termine, BS), D. Vuilloud (Direzione sanitario, VD), C. Ullmann (Comune Stein am Rhein \u2013 Responsabile socialit\u00e0, SH), E. B\u00e4ttig (Spitex Svizzera), M. Reck (ASPS), I.A. Frei (Spitex Basilea), G. Bolliger (Direttrice Permed AG), V. Vouillamoz (CMS-SMZ Valais Wallis), H. Koch (Swiss Nurse Leaders), M. Hilpertshauser (Esperta di cure infermieristiche Spitex Gaiserwald SG), K. Saynisch (Esperta di cure infermieristiche Spitex RegioArbon TG), C. Gu\u00e9ninchault (Esperta di cure infermieristiche Imad GE), P. Stucki-Th\u00fcr (Esperta di cure infermieristiche Spitex D\u00fcrnten ZH), E. Indermaur (ASI Assoziazione Svizzea Inferieri), B. Caviezel (LangzeitSchweiz-Cure di lunga degenza Svizzera), R. Schwendimann (Opedale Universitario di Basilea), N. Hediger (studio medico) F. Suter (\u00c4rztenetz Nordwest), B. Stocker (Pro Senectute NW), R. Pfau (Esperta, rappresentante dei pazienti EUPATI)<\/p>\n<p style=\"text-align: center;\">\u00a0<\/p>","protected":false},"excerpt":{"rendered":"<p>Direttrice dello studio Dr. ssa Franziska Z\u00fa\u00f1iga Istituto di Scienze Infermieristiche, Universit\u00e0 di Basilea, Svizzera Responsabile dello progetto Nathalie M\u00f6ckli Istituto di Scienze Infermieristiche,&nbsp;Universit\u00e0 di Basilea, Svizzera Gruppo di ricerca Prof. Dr. Michael Simon &#8211; Istituto di Scienze Infermieristiche , Universit\u00e0 di Basilea, SvizzeraDr. ssa Carla Meyer-Massetti &#8211; Farmacia Clinica ed Epidemiologia, Dipartimento di Scienze &#8230; <a title=\"Il team di ricerca\" class=\"read-more\" href=\"https:\/\/spotnat.nursing.unibas.ch\/it\/il-team-di-ricerca\/\" aria-label=\"Per saperne di pi\u00f9 su Il team di ricerca\">Leggi tutto<\/a><\/p>\n","protected":false},"author":2,"featured_media":0,"parent":0,"menu_order":0,"comment_status":"closed","ping_status":"closed","template":"","meta":{"_coblocks_attr":"","_coblocks_dimensions":"","_coblocks_responsive_height":"","_coblocks_accordion_ie_support":"","footnotes":""},"class_list":["post-561","page","type-page","status-publish"],"_links":{"self":[{"href":"https:\/\/spotnat.nursing.unibas.ch\/it\/wp-json\/wp\/v2\/pages\/561","targetHints":{"allow":["GET"]}}],"collection":[{"href":"https:\/\/spotnat.nursing.unibas.ch\/it\/wp-json\/wp\/v2\/pages"}],"about":[{"href":"https:\/\/spotnat.nursing.unibas.ch\/it\/wp-json\/wp\/v2\/types\/page"}],"author":[{"embeddable":true,"href":"https:\/\/spotnat.nursing.unibas.ch\/it\/wp-json\/wp\/v2\/users\/2"}],"replies":[{"embeddable":true,"href":"https:\/\/spotnat.nursing.unibas.ch\/it\/wp-json\/wp\/v2\/comments?post=561"}],"version-history":[{"count":13,"href":"https:\/\/spotnat.nursing.unibas.ch\/it\/wp-json\/wp\/v2\/pages\/561\/revisions"}],"predecessor-version":[{"id":802,"href":"https:\/\/spotnat.nursing.unibas.ch\/it\/wp-json\/wp\/v2\/pages\/561\/revisions\/802"}],"wp:attachment":[{"href":"https:\/\/spotnat.nursing.unibas.ch\/it\/wp-json\/wp\/v2\/media?parent=561"}],"curies":[{"name":"wp","href":"https:\/\/api.w.org\/{rel}","templated":true}]}}