{"id":664,"date":"2021-04-12T07:52:44","date_gmt":"2021-04-12T06:52:44","guid":{"rendered":"https:\/\/spotnat.nursing.unibas.ch\/?page_id=664"},"modified":"2025-11-12T07:56:12","modified_gmt":"2025-11-12T06:56:12","slug":"pubblicazioni","status":"publish","type":"page","link":"https:\/\/spotnat.nursing.unibas.ch\/it\/pubblicazioni\/","title":{"rendered":"Pubblicazioni"},"content":{"rendered":"\n<h1 class=\"wp-block-heading\">Rapporto nazionale<\/h1>\n\n\n\n<p><strong><a href=\"https:\/\/spotnat.nursing.unibas.ch\/\/wp-content\/uploads\/SPOTnat-rapporto-nazionale.pdf\" target=\"_blank\" rel=\"noreferrer noopener\">Il rapporto nazionale SPOT<sup>nat<\/sup> <\/a><\/strong><\/p>\n\n\n\n<figure class=\"wp-block-image size-large is-resized\"><a href=\"https:\/\/spotnat.nursing.unibas.ch\/\/wp-content\/uploads\/SPOTnat-rapporto-nazionale.pdf\" target=\"_blank\" rel=\"noreferrer noopener\"><img loading=\"lazy\" decoding=\"async\" width=\"722\" height=\"1024\" src=\"https:\/\/spotnat.nursing.unibas.ch\/wp-content\/uploads\/2023\/04\/Screenshot-2023-04-27-ital-1-722x1024.png\" alt=\"\" class=\"wp-image-995\" style=\"width:215px;height:305px\" srcset=\"https:\/\/spotnat.nursing.unibas.ch\/wp-content\/uploads\/2023\/04\/Screenshot-2023-04-27-ital-1-722x1024.png 722w, https:\/\/spotnat.nursing.unibas.ch\/wp-content\/uploads\/2023\/04\/Screenshot-2023-04-27-ital-1-211x300.png 211w, https:\/\/spotnat.nursing.unibas.ch\/wp-content\/uploads\/2023\/04\/Screenshot-2023-04-27-ital-1-768x1089.png 768w, https:\/\/spotnat.nursing.unibas.ch\/wp-content\/uploads\/2023\/04\/Screenshot-2023-04-27-ital-1.png 889w\" sizes=\"auto, (max-width: 722px) 100vw, 722px\" \/><\/a><\/figure>\n\n\n\n<h1 class=\"wp-block-heading\">Pubblicazioni<\/h1>\n\n\n\n<p>M\u00f6ckli N, Villiger B,&nbsp;Simon M,&nbsp;Meyer-Massetti&nbsp;C, Z\u00fa\u00f1iga,&nbsp;F.&nbsp;Work Environment and Work Context Factors Associated With Homecare Workers\u2019 Intention to Leave: An Analysis of a National, Multicenter Cross-Sectional Study,&nbsp;<em>Journal of Nursing Management<\/em>,&nbsp;&nbsp;2025, 1554741, 15 pages,&nbsp;&nbsp;2025.&nbsp;<a href=\"https:\/\/doi.org\/10.1155\/jonm\/1554741\">https:\/\/doi.org\/10.1155\/jonm\/1554741<\/a><\/p>\n\n\n\n<p>Martins T, Simon M, M\u00f6ckli N, Meyer-Massetti C, Fischer R, Serdaly C, &amp; Z\u00fa\u00f1iga F. Burnout and Back Pain and Their Associations With Homecare Workers\u2018 Psychosocial Work Environment\u2014A National Multicenter Cross-Sectional Study.&nbsp;<em>Journal of Advanced Nursing<\/em>.&nbsp;Online first.&nbsp;<a href=\"https:\/\/doi.org\/https:\/doi.org\/10.1111\/jan.16931\">https:\/\/doi.org\/https:\/\/doi.org\/10.1111\/jan.16931<\/a><\/p>\n\n\n\n<p>M\u00f6ckli N, Simon M, Denhaerynck K, Trutschel D, Martins T, Meyer-Massetti C, Z\u00fa\u00f1iga F. How external and agency characteristics are related to coordination in homecare &#8211; findings of the national multicenter, cross-sectional SPOTnat study. BMC Health Serv Res. 2024 Mar 22;24(1):367. <a href=\"https:\/\/bmchealthservres.biomedcentral.com\/articles\/10.1186\/s12913-024-10751-4\" target=\"_blank\" rel=\"noreferrer noopener\">doi: 10.1186\/s12913-024-10751-4<\/a><\/p>\n\n\n\n<p>M\u00f6ckli N, W\u00e4chter M, Moffa G, Simon M, Martins T, Z\u00fa\u00f1iga F. How regulatory frameworks drive differences in home-care agencies: Results from a national multicenter cross-sectional study in Switzerland. Int J Health Plann Manage. 2023 Nov 30. <a href=\"https:\/\/doi.org\/10.1002\/hpm.3744\" target=\"_blank\" rel=\"noreferrer noopener\">doi: 10.1002\/hpm.3744<\/a>. Epub ahead of print.<\/p>\n\n\n\n<p>M\u00f6ckli N, Simon M, Denhaerynck K, Martins T, Meyer-Massetti C, Fischer R, Z\u00fa\u00f1iga F. Care coordination in homecare and its relationship with quality of care: A national multicenter cross-sectional study. International Journal of Nursing Studies. 2023;145:104544. <a href=\"https:\/\/www.sciencedirect.com\/science\/article\/pii\/S0020748923001098?via%3Dihub\" target=\"_blank\" rel=\"noreferrer noopener\">doi: 10.1016\/j.ijnurstu.2023.104544<\/a>.<\/p>\n\n\n\n<p>M\u00f6ckli N, Espinosa JA, Simon M, Meyer-Massetti C, Z\u00fa\u00f1iga F. Clarifying the muddy concept of home healthcare coordination: A comprehensive theoretical framework. Heliyon. 2023;9(3): e14243.&nbsp;<a href=\"https:\/\/www.sciencedirect.com\/science\/article\/pii\/S2405844023014500?via%3Dihub\">doi: 10.1016\/j.heliyon.2023.e14243.<\/a><\/p>\n\n\n\n<p>M\u00f6ckli N, Simon M, Meyer-Massetti C, Pihet S, Fischer R, W\u00e4chter M, Serdaly C, Z\u00fa\u00f1iga F. Factors associated with homecare coordination and quality of care: a research protocol for a national multi-center cross-sectional study. BMC Health Serv Res. 2021;21(1):306.&nbsp;<a href=\"https:\/\/doi.org\/10.1186\/s12913-021-06294-7\">doi:10.1186\/s12913-021-06294-7<\/a><\/p>\n","protected":false},"excerpt":{"rendered":"<p>Rapporto nazionale Il rapporto nazionale SPOTnat Pubblicazioni M\u00f6ckli N, Villiger B,&nbsp;Simon M,&nbsp;Meyer-Massetti&nbsp;C, Z\u00fa\u00f1iga,&nbsp;F.&nbsp;Work Environment and Work Context Factors Associated With Homecare Workers\u2019 Intention to Leave: An Analysis of a National, Multicenter Cross-Sectional Study,&nbsp;Journal of Nursing Management,&nbsp;&nbsp;2025, 1554741, 15 pages,&nbsp;&nbsp;2025.&nbsp;https:\/\/doi.org\/10.1155\/jonm\/1554741 Martins T, Simon M, M\u00f6ckli N, Meyer-Massetti C, Fischer R, Serdaly C, &amp; Z\u00fa\u00f1iga F. Burnout &#8230; <a title=\"Pubblicazioni\" class=\"read-more\" href=\"https:\/\/spotnat.nursing.unibas.ch\/it\/pubblicazioni\/\" aria-label=\"Per saperne di pi\u00f9 su Pubblicazioni\">Leggi tutto<\/a><\/p>\n","protected":false},"author":2,"featured_media":0,"parent":0,"menu_order":0,"comment_status":"closed","ping_status":"closed","template":"","meta":{"_coblocks_attr":"","_coblocks_dimensions":"","_coblocks_responsive_height":"","_coblocks_accordion_ie_support":"","footnotes":""},"class_list":["post-664","page","type-page","status-publish"],"_links":{"self":[{"href":"https:\/\/spotnat.nursing.unibas.ch\/it\/wp-json\/wp\/v2\/pages\/664","targetHints":{"allow":["GET"]}}],"collection":[{"href":"https:\/\/spotnat.nursing.unibas.ch\/it\/wp-json\/wp\/v2\/pages"}],"about":[{"href":"https:\/\/spotnat.nursing.unibas.ch\/it\/wp-json\/wp\/v2\/types\/page"}],"author":[{"embeddable":true,"href":"https:\/\/spotnat.nursing.unibas.ch\/it\/wp-json\/wp\/v2\/users\/2"}],"replies":[{"embeddable":true,"href":"https:\/\/spotnat.nursing.unibas.ch\/it\/wp-json\/wp\/v2\/comments?post=664"}],"version-history":[{"count":15,"href":"https:\/\/spotnat.nursing.unibas.ch\/it\/wp-json\/wp\/v2\/pages\/664\/revisions"}],"predecessor-version":[{"id":1094,"href":"https:\/\/spotnat.nursing.unibas.ch\/it\/wp-json\/wp\/v2\/pages\/664\/revisions\/1094"}],"wp:attachment":[{"href":"https:\/\/spotnat.nursing.unibas.ch\/it\/wp-json\/wp\/v2\/media?parent=664"}],"curies":[{"name":"wp","href":"https:\/\/api.w.org\/{rel}","templated":true}]}}